{"id":593,"date":"2024-09-27T15:28:39","date_gmt":"2024-09-27T13:28:39","guid":{"rendered":"https:\/\/new.quintadefaro.uk\/?page_id=593"},"modified":"2024-10-23T16:06:33","modified_gmt":"2024-10-23T14:06:33","slug":"mapa-do-site","status":"publish","type":"page","link":"https:\/\/www.quintadefaro.uk\/pt-pt\/mapa-do-site\/","title":{"rendered":"Mapa do site"},"content":{"rendered":"<div  class=\"tatsu-hu9hwu03nscbu4xd tatsu-section  tatsu-section-custom-height tatsu-bg-overlay   tatsu-clearfix\" data-title=\"\"  data-headerscheme=\"background--dark\"><div class = \"tatsu-custom-height-wrap\"><div class='tatsu-section-pad clearfix' data-padding='{\"d\":\"90px 0px 15px 0px\"}' data-padding-top='90px'><div class=\"tatsu-row-wrap  tatsu-wrap tatsu-row-one-col tatsu-row-has-one-cols tatsu-medium-gutter tatsu-reg-cols  tatsu-clearfix tatsu-hu9hwu03ow299mw0\" ><div  class=\"tatsu-row \" ><div  class=\"tatsu-column  tatsu-bg-overlay tatsu-one-col tatsu-column-image-none tatsu-column-effect-none  tatsu-hu9hwu03pw9e6cd4\"  data-parallax-speed=\"0\" style=\"\"><div class=\"tatsu-column-inner \" ><div class=\"tatsu-column-pad-wrap\"><div class=\"tatsu-column-pad\" ><div  class=\"special-heading-wrap style4  tatsu-Sy2pGMnAR oshine-module  \" ><div class=\"vertical-divider top\"><\/div><div class=\"special-heading \"><h3 class=\"special-h-tag\" >Mapa do site<\/h3><\/div><div class=\"vertical-divider bottom\" ><\/div><style>.tatsu-Sy2pGMnAR .special-h-tag{color: rgba(255,255,255,1) ;}.tatsu-Sy2pGMnAR.special-heading-wrap .vertical-divider{background: rgba(255,127,2,1);}<\/style><\/div><\/div><\/div><div class = \"tatsu-column-bg-image-wrap\"><div class = \"tatsu-column-bg-image tatsu-bg-lazyload\" data-src = \"\"><\/div><\/div><div class=\"tatsu-overlay tatsu-column-overlay tatsu-animate-none\" ><\/div><\/div><style>.tatsu-row > .tatsu-hu9hwu03pw9e6cd4.tatsu-column{width: 100%;}.tatsu-hu9hwu03pw9e6cd4.tatsu-column > .tatsu-column-inner > .tatsu-column-overlay{mix-blend-mode: normal;}.tatsu-hu9hwu03pw9e6cd4 > .tatsu-column-inner > .tatsu-top-divider{z-index: 9999;}.tatsu-hu9hwu03pw9e6cd4 > .tatsu-column-inner > .tatsu-bottom-divider{z-index: 9999;}.tatsu-hu9hwu03pw9e6cd4 > .tatsu-column-inner > .tatsu-left-divider{z-index: 9999;}.tatsu-hu9hwu03pw9e6cd4 > .tatsu-column-inner > .tatsu-right-divider{z-index: 9999;}<\/style><\/div><\/div><\/div><\/div><div class=\"tatsu-section-background-wrap\"><div class = \"tatsu-bg-blur\" style = \"background-image : url(data:image\/jpeg;base64,\/9j\/4AAQSkZJRgABAQAAAQABAAD\/2wBDAAMCAgICAgMCAgIDAwMDBAYEBAQEBAgGBgUGCQgKCgkICQkKDA8MCgsOCwkJDRENDg8QEBEQCgwSExIQEw8QEBD\/2wBDAQMDAwQDBAgEBAgQCwkLEBAQEBAQEBAQEBAQEBAQEBAQEBAQEBAQEBAQEBAQEBAQEBAQEBAQEBAQEBAQEBAQEBD\/wAARCAAeADIDASIAAhEBAxEB\/8QAGgAAAgMBAQAAAAAAAAAAAAAABwgABQYDBP\/EADQQAAECBQMBBgQEBwAAAAAAAAIDBAABBQYSByIyExEUQlJichUWIYIjMTNBJENRYZKisf\/EABgBAQADAQAAAAAAAAAAAAAAAAQAAgUD\/8QAIxEAAQQCAAYDAAAAAAAAAAAAAgABAxIEEwURFCJCUjKBof\/aAAwDAQACEQMRAD8AV9ix+FsxrlLeJpiS+KSeJKEXp5Y7YYKw3SCdnp3LdC7VMR\/VJEcvF5fugR2rYdvXkTh+q3qXw1KodAVBIcW6qvHb7sY3F8aY2RbbMlX9SuxuzbPkmi5dJAkOuP8AKEscYyeH53REQiX6rDglKNhFH6wRo10N1nVLSUJNBckMiHl6h9JQULfslJQuqLXIS9MKnael9x23RX1zUi4KozY1PpNixXEcRVHaJch3CXKNUNm6oaZ0F1QXWprpNFyKtIJPvPeRb7sfdl4YYXHb+QpUOHq8Uz14Uc7btVaqE6UYpjtVWTSElN3hHLaPuLaMIjrJcjp8ii1pt1OiJVyqJqOHYqJppZbsS5Y7uW3LyjjHS\/nmoej9DRtKral3A4otcTVc9xTVyLLdltIto8dsZkrHYVC2Vryq91UcWqCHXJFw5EVyEk8hFNPLduyHHze6BzZW0RIvip3Wqg2hXruBBMBrKqchCUpB3njLs\/KJHjP5NmZTSc1LCc54\/wAMp+X7eKJF+bKWRGsOoNbfdMakGJKMXPVXEuLwduOX+0Ey7tWldQGby1KuCdDotVqw1QhEcumrjxEseJQrUrpfSUBNMR\/Ex5e6LphXKg8cTGZSUVbhhLqz7REP6j6oyemcysSKOVIHaKat1rp8PttnbNU6NYZpKpELhMsSERHEchEsS4xzr2qFlX0zeJVSvE1UXdk5QHa2xyx5KD6hy5Qtomuwt1BwLpYifuSKY5bRllj2RVVWpSpoSfGBLSP9MZ\/T\/KLxQapLUZdpMuchrZNr8s2HqdTRcOr8UdVCnpYl1BTdkPlFPq45ZfdFO+0za0mlqJXDV27GjoNlUExfJpNMshyEfERDtHwwsVv1+sOnPfqU67qTYRdCU\/qQn1R3D6t0bpVsu4fzd3JWXtVUcIiXWXnM1By7fMX9pQp5mjjrrFCjieMrO5P9qvDUZJmAtEqV2AhKSYy65fSUvpL\/AJEgt\/KWlyn4hUZ52luntH9\/uiRkb4fVM0zey\/\/Z);\"\"><\/div><div class = \"tatsu-section-background tatsu-bg-lazyload\" data-src = \"https:\/\/www.quintadefaro.uk\/wp-content\/uploads\/2024\/09\/Villa_Header.jpg\"><\/div><\/div><div class=\"tatsu-overlay tatsu-section-overlay\"><\/div><\/div><style>.tatsu-hu9hwu03nscbu4xd .tatsu-section-background{background-image: url(https:\/\/www.quintadefaro.uk\/wp-content\/uploads\/2024\/09\/Villa_Header.jpg);background-repeat: no-repeat;background-attachment: scroll;background-position: top left;background-size: cover;}.tatsu-hu9hwu03nscbu4xd .tatsu-bg-blur{background-repeat: no-repeat;background-attachment: scroll;background-position: top left;background-size: cover;}.tatsu-hu9hwu03nscbu4xd .tatsu-section-pad{padding: 90px 0px 15px 0px;}.tatsu-hu9hwu03nscbu4xd > .tatsu-bottom-divider{z-index: 9999;}.tatsu-hu9hwu03nscbu4xd > .tatsu-top-divider{z-index: 9999;}.tatsu-hu9hwu03nscbu4xd .tatsu-section-overlay{mix-blend-mode: normal;}.tatsu-hu9hwu03nscbu4xd .tatsu-custom-height-wrap{align-items: center;min-height: 50vh;}<\/style><\/div><div  class=\"tatsu-ByWSiMzhCR tatsu-section  tatsu-bg-overlay   tatsu-clearfix\" data-title=\"\"  data-headerscheme=\"background--dark\"><div class='tatsu-section-pad clearfix' data-padding='{\"d\":\"90px 0px 90px 0px\"}' data-padding-top='90px'><div class=\"tatsu-row-wrap  tatsu-wrap tatsu-row-one-col tatsu-row-has-one-cols tatsu-medium-gutter tatsu-reg-cols  tatsu-clearfix tatsu-Bkg-KMM3CR\" ><div  class=\"tatsu-row \" ><div  class=\"tatsu-column  tatsu-bg-overlay tatsu-one-col tatsu-column-image-none tatsu-column-effect-none  tatsu-S1WYff30A\"  data-parallax-speed=\"0\" style=\"\"><div class=\"tatsu-column-inner \" ><div class=\"tatsu-column-pad-wrap\"><div class=\"tatsu-column-pad\" ><div  class=\"tatsu-shortcode-module tatsu-module tatsu-S19PzM3AC   \"  >\n<pre><div class=\"wrap-html-sitemap sp-html-sitemap\"><div class=\"sp-wrap-cpt\"><h2 class=\"sp-cpt-name\">P\u00e1ginas<\/h2><ul class=\"sp-list-posts sp-cpt-hierarchical\"><li class=\"page_item page-item-116\"><a href=\"https:\/\/www.quintadefaro.uk\/pt-pt\/\">Propriedade de luxo no Algarve para venda<\/a><\/li><li class=\"page_item page-item-649\"><a href=\"https:\/\/www.quintadefaro.uk\/pt-pt\/moradias\/\">Moradias<\/a><\/li><li class=\"page_item page-item-712\"><a href=\"https:\/\/www.quintadefaro.uk\/pt-pt\/construtores\/\">Construtores<\/a><\/li><li class=\"page_item page-item-664\"><a href=\"https:\/\/www.quintadefaro.uk\/pt-pt\/viver-algarve\/\">Viver Algarve<\/a><\/li><li class=\"page_item page-item-700\"><a href=\"https:\/\/www.quintadefaro.uk\/pt-pt\/viva-e-invista\/\">Viva e invista<\/a><\/li><li class=\"page_item page-item-1343\"><a href=\"https:\/\/www.quintadefaro.uk\/pt-pt\/informacao\/\">informa\u00e7\u00e3o<\/a><\/li><li class=\"page_item page-item-748\"><a href=\"https:\/\/www.quintadefaro.uk\/pt-pt\/contate-nos\/\">Contate Nos<\/a><\/li><li class=\"page_item page-item-801\"><a href=\"https:\/\/www.quintadefaro.uk\/pt-pt\/brochura\/\">Brochura<\/a><\/li><li class=\"page_item page-item-905\"><a href=\"https:\/\/www.quintadefaro.uk\/pt-pt\/politica-de-privacidade\/\">Pol\u00edtica de Privacidade<\/a><\/li><li class=\"page_item page-item-593\"><a href=\"https:\/\/www.quintadefaro.uk\/pt-pt\/mapa-do-site\/\">Mapa do site<\/a><\/li><\/ul><\/div><div class=\"sp-wrap-cpt\"><h2 class=\"sp-cpt-name\">Artigos<\/h2><ul class=\"sp-list-posts\"><li><a href=\"https:\/\/www.quintadefaro.uk\/pt-pt\/trabalho\/inicio-da-ultima-fase\/\">In\u00edcio da \u00faltima fase<\/a><\/li><li><a href=\"https:\/\/www.quintadefaro.uk\/pt-pt\/trabalho\/acabamentos-e-equipamentos\/\">Acabamentos e Equipamentos<\/a><\/li><li><a href=\"https:\/\/www.quintadefaro.uk\/pt-pt\/trabalho\/diaporama-dezembro-de-2024\/\">Diaporama dezembro de 2024<\/a><\/li><li><a href=\"https:\/\/www.quintadefaro.uk\/pt-pt\/trabalho\/decouvrez-la-vie-de-luxe-a-quinta-de-faro-votre-porte-dentree-vers-lalgarve\/\">D\u00e9couvrez la vie de luxe \u00e0 Quinta de Faro : votre porte d\u2019entr\u00e9e vers l\u2019Algarve<\/a><\/li><li><a href=\"https:\/\/www.quintadefaro.uk\/pt-pt\/trabalho\/explorando-faro-atracoes-perto-das-moradias-da-quinta-de-faro\/\">Explorando Faro: Atra\u00e7\u00f5es Perto das Moradias da Quinta de Faro<\/a><\/li><li><a href=\"https:\/\/www.quintadefaro.uk\/pt-pt\/trabalho\/viva-o-melhor-do-algarve-descubra-a-quinta-de-faro\/\">Viva o Melhor do Algarve: Descubra a Quinta de Faro<\/a><\/li><li><a href=\"https:\/\/www.quintadefaro.uk\/pt-pt\/sem-categoria\/o-guia-definitivo-para-comprar-uma-moradia-na-quinta-de-faro\/\">O Guia Definitivo para Comprar uma Moradia na Quinta de Faro<\/a><\/li><li><a href=\"https:\/\/www.quintadefaro.uk\/pt-pt\/trabalho\/quinta-de-faro-o-equilibrio-perfeito-entre-elegancia-moderna-e-charme-tradicional\/\">Quinta de Faro: O Equil\u00edbrio Perfeito entre Eleg\u00e2ncia Moderna e Charme Tradicional<\/a><\/li><li><a href=\"https:\/\/www.quintadefaro.uk\/pt-pt\/trabalho\/do-investimento-ao-estilo-de-vida-as-vantagens-das-moradias-da-quinta-de-faro\/\">Do Investimento ao Estilo de Vida: As Vantagens das Moradias da Quinta de Faro<\/a><\/li><li><a href=\"https:\/\/www.quintadefaro.uk\/pt-pt\/trabalho\/quinta-de-faro-o-seu-refugio-exclusivo-no-algarve\/\">Quinta de Faro: O Seu Ref\u00fagio Exclusivo no Algarve<\/a><\/li><li><a href=\"https:\/\/www.quintadefaro.uk\/pt-pt\/trabalho\/potencial-de-investimento-porque-e-que-a-quinta-de-faro-e-uma-escolha-inteligente\/\">Potencial de Investimento: Porque \u00e9 que a Quinta de Faro \u00e9 uma Escolha Inteligente<\/a><\/li><\/ul><\/div><\/div><\/pre>\n<\/div><\/div><\/div><div class = \"tatsu-column-bg-image-wrap\"><div class = \"tatsu-column-bg-image tatsu-bg-lazyload\" data-src = \"\"><\/div><\/div><div class=\"tatsu-overlay tatsu-column-overlay tatsu-animate-none\" ><\/div><\/div><style>.tatsu-row > .tatsu-S1WYff30A.tatsu-column{width: 100%;}.tatsu-S1WYff30A.tatsu-column > .tatsu-column-inner > .tatsu-column-overlay{mix-blend-mode: normal;}.tatsu-S1WYff30A > .tatsu-column-inner > .tatsu-top-divider{z-index: 9999;}.tatsu-S1WYff30A > .tatsu-column-inner > .tatsu-bottom-divider{z-index: 9999;}.tatsu-S1WYff30A > .tatsu-column-inner > .tatsu-left-divider{z-index: 9999;}.tatsu-S1WYff30A > .tatsu-column-inner > .tatsu-right-divider{z-index: 9999;}@media only screen and (max-width:1377px) {.tatsu-row > .tatsu-S1WYff30A.tatsu-column{width: 100%;}}@media only screen and (min-width:768px) and (max-width: 1024px) {.tatsu-row > .tatsu-S1WYff30A.tatsu-column{width: 100%;}}@media only screen and (max-width: 767px) {.tatsu-row > .tatsu-S1WYff30A.tatsu-column{width: 100%;}}<\/style><\/div><\/div><\/div><\/div><div class=\"tatsu-section-background-wrap\"><div class = \"tatsu-section-background tatsu-bg-lazyload\" data-src = \"\"><\/div><\/div><div class=\"tatsu-overlay tatsu-section-overlay\"><\/div><style>.tatsu-ByWSiMzhCR .tatsu-section-pad{padding: 90px 0px 90px 0px;}.tatsu-ByWSiMzhCR .tatsu-section-offset-wrap{transform: translateY(-0px);}.tatsu-ByWSiMzhCR > .tatsu-bottom-divider{z-index: 9999;}.tatsu-ByWSiMzhCR > .tatsu-top-divider{z-index: 9999;}.tatsu-ByWSiMzhCR .tatsu-section-overlay{mix-blend-mode: normal;}<\/style><\/div><div  class=\"tatsu-hu9hwu0sc66bdqll tatsu-section  tatsu-bg-overlay   tatsu-clearfix\" data-title=\"\"  data-headerscheme=\"background--dark\"><div class='tatsu-section-pad clearfix' data-padding='{\"d\":\"15px 0px 90px 0px\"}' data-padding-top='15px'><div class=\"tatsu-row-wrap  tatsu-wrap tatsu-row-one-col tatsu-row-has-one-cols tatsu-medium-gutter tatsu-reg-cols  tatsu-clearfix tatsu-hu9hwu0sda17x17c\" ><div  class=\"tatsu-row \" ><div  class=\"tatsu-column  tatsu-bg-overlay tatsu-one-col tatsu-column-image-none tatsu-column-effect-none  tatsu-hu9hwu0se34pbvx6\"  data-parallax-speed=\"0\" style=\"\"><div class=\"tatsu-column-inner \" ><div class=\"tatsu-column-pad-wrap\"><div class=\"tatsu-column-pad\" ><div  class=\"tatsu-module tatsu-text-block-wrap tatsu-hu9hwu0ses387pxn  \"><div class=\"tatsu-text-inner tatsu-align-center  clearfix\" ><style>.tatsu-hu9hwu0ses387pxn.tatsu-text-block-wrap .tatsu-text-inner{width: 100%;text-align: left;}<\/style>\n<p><span class=\"HwtZe\" lang=\"en\"><span class=\"jCAhz ChMk0b\"><span class=\"ryNqvb\">\u00a0<\/span><\/span><\/span><\/p>\n<\/div><\/div><\/div><\/div><div class = \"tatsu-column-bg-image-wrap\"><div class = \"tatsu-column-bg-image tatsu-bg-lazyload\" data-src = \"\"><\/div><\/div><div class=\"tatsu-overlay tatsu-column-overlay tatsu-animate-none\" ><\/div><\/div><style>.tatsu-row > .tatsu-hu9hwu0se34pbvx6.tatsu-column{width: 100%;}.tatsu-hu9hwu0se34pbvx6.tatsu-column > .tatsu-column-inner > .tatsu-column-overlay{mix-blend-mode: normal;}.tatsu-hu9hwu0se34pbvx6 > .tatsu-column-inner > .tatsu-top-divider{z-index: 9999;}.tatsu-hu9hwu0se34pbvx6 > .tatsu-column-inner > .tatsu-bottom-divider{z-index: 9999;}.tatsu-hu9hwu0se34pbvx6 > .tatsu-column-inner > .tatsu-left-divider{z-index: 9999;}.tatsu-hu9hwu0se34pbvx6 > .tatsu-column-inner > .tatsu-right-divider{z-index: 9999;}<\/style><\/div><\/div><\/div><\/div><div class=\"tatsu-section-background-wrap\"><div class = \"tatsu-section-background tatsu-bg-lazyload\" data-src = \"\"><\/div><\/div><div class=\"tatsu-overlay tatsu-section-overlay\"><\/div><style>.tatsu-hu9hwu0sc66bdqll.tatsu-section{background-color: rgba(8,28,55,1);}.tatsu-hu9hwu0sc66bdqll .tatsu-section-pad{padding: 15px 0px 90px 0px;}.tatsu-hu9hwu0sc66bdqll > .tatsu-bottom-divider{z-index: 9999;}.tatsu-hu9hwu0sc66bdqll > .tatsu-top-divider{z-index: 9999;}.tatsu-hu9hwu0sc66bdqll .tatsu-section-overlay{mix-blend-mode: normal;}<\/style><\/div>\n","protected":false},"excerpt":{"rendered":"<div><a href=\"https:\/\/www.quintadefaro.uk\/pt-pt\/mapa-do-site\/\" class=\"exp-read-more exp-read-more-underlined\">Read More<\/a><\/div>\n","protected":false},"author":1,"featured_media":830,"parent":0,"menu_order":9,"comment_status":"closed","ping_status":"closed","template":"","meta":{"_seopress_robots_primary_cat":"","_seopress_titles_title":"Quinta de Faro: Descubra Nosso Mapa do Site","_seopress_titles_desc":"Explora facilmente todas as p\u00e1ginas e servi\u00e7os da Quinta de Faro. Descobre mais sobre o nosso espa\u00e7o exclusivo e reservas online!","_seopress_robots_index":"","footnotes":""},"class_list":["post-593","page","type-page","status-publish","has-post-thumbnail","hentry"],"_links":{"self":[{"href":"https:\/\/www.quintadefaro.uk\/pt-pt\/wp-json\/wp\/v2\/pages\/593","targetHints":{"allow":["GET"]}}],"collection":[{"href":"https:\/\/www.quintadefaro.uk\/pt-pt\/wp-json\/wp\/v2\/pages"}],"about":[{"href":"https:\/\/www.quintadefaro.uk\/pt-pt\/wp-json\/wp\/v2\/types\/page"}],"author":[{"embeddable":true,"href":"https:\/\/www.quintadefaro.uk\/pt-pt\/wp-json\/wp\/v2\/users\/1"}],"replies":[{"embeddable":true,"href":"https:\/\/www.quintadefaro.uk\/pt-pt\/wp-json\/wp\/v2\/comments?post=593"}],"version-history":[{"count":1,"href":"https:\/\/www.quintadefaro.uk\/pt-pt\/wp-json\/wp\/v2\/pages\/593\/revisions"}],"predecessor-version":[{"id":1454,"href":"https:\/\/www.quintadefaro.uk\/pt-pt\/wp-json\/wp\/v2\/pages\/593\/revisions\/1454"}],"wp:featuredmedia":[{"embeddable":true,"href":"https:\/\/www.quintadefaro.uk\/pt-pt\/wp-json\/wp\/v2\/media\/830"}],"wp:attachment":[{"href":"https:\/\/www.quintadefaro.uk\/pt-pt\/wp-json\/wp\/v2\/media?parent=593"}],"curies":[{"name":"wp","href":"https:\/\/api.w.org\/{rel}","templated":true}]}}