{"id":818,"date":"2024-09-24T16:26:22","date_gmt":"2024-09-24T15:26:22","guid":{"rendered":"https:\/\/www.quintadefaro.uk\/?page_id=818"},"modified":"2024-12-03T15:02:56","modified_gmt":"2024-12-03T15:02:56","slug":"politique-de-confidentialite","status":"publish","type":"page","link":"https:\/\/www.quintadefaro.uk\/fr\/politique-de-confidentialite\/","title":{"rendered":"Politique de confidentialit\u00e9"},"content":{"rendered":"<div  class=\"tatsu-r1W3M0aiAR tatsu-section  tatsu-section-custom-height tatsu-bg-overlay   tatsu-clearfix\" data-title=\"\"  data-headerscheme=\"background--dark\"><div class = \"tatsu-custom-height-wrap\"><div class='tatsu-section-pad clearfix' data-padding='{\"d\":\"90px 0px 90px 0px\"}' data-padding-top='90px'><div class=\"tatsu-row-wrap  tatsu-wrap tatsu-row-one-col tatsu-row-has-one-cols tatsu-medium-gutter tatsu-reg-cols  tatsu-clearfix tatsu-ByehzCToRA\" ><div  class=\"tatsu-row \" ><div  class=\"tatsu-column  tatsu-bg-overlay tatsu-one-col tatsu-column-image-none tatsu-column-effect-none  tatsu-ry2MApjCR\"  data-parallax-speed=\"0\" style=\"\"><div class=\"tatsu-column-inner \" ><div class=\"tatsu-column-pad-wrap\"><div class=\"tatsu-column-pad\" ><div  class=\"special-heading-wrap style4  tatsu-r1au0po0C oshine-module  \" ><div class=\"vertical-divider top\"><\/div><div class=\"special-heading \"><h3 class=\"special-h-tag\" >Politique de confidentialit\u00e9<\/h3><\/div><div class=\"vertical-divider bottom\" ><\/div><style>.tatsu-r1au0po0C .special-h-tag{color: rgba(255,255,255,1) ;}.tatsu-r1au0po0C.special-heading-wrap .vertical-divider{background: rgba(255,127,2,1);}<\/style><\/div><\/div><\/div><div class = \"tatsu-column-bg-image-wrap\"><div class = \"tatsu-column-bg-image tatsu-bg-lazyload\" data-src = \"\"><\/div><\/div><div class=\"tatsu-overlay tatsu-column-overlay tatsu-animate-none\" ><\/div><\/div><style>.tatsu-row > .tatsu-ry2MApjCR.tatsu-column{width: 100%;}.tatsu-ry2MApjCR.tatsu-column > .tatsu-column-inner > .tatsu-column-overlay{mix-blend-mode: normal;}.tatsu-ry2MApjCR > .tatsu-column-inner > .tatsu-top-divider{z-index: 9999;}.tatsu-ry2MApjCR > .tatsu-column-inner > .tatsu-bottom-divider{z-index: 9999;}.tatsu-ry2MApjCR > .tatsu-column-inner > .tatsu-left-divider{z-index: 9999;}.tatsu-ry2MApjCR > .tatsu-column-inner > .tatsu-right-divider{z-index: 9999;}@media only screen and (max-width:1377px) {.tatsu-row > .tatsu-ry2MApjCR.tatsu-column{width: 100%;}}@media only screen and (min-width:768px) and (max-width: 1024px) {.tatsu-row > .tatsu-ry2MApjCR.tatsu-column{width: 100%;}}@media only screen and (max-width: 767px) {.tatsu-row > .tatsu-ry2MApjCR.tatsu-column{width: 100%;}}<\/style><\/div><\/div><\/div><\/div><div class=\"tatsu-section-background-wrap\"><div class = \"tatsu-bg-blur\" style = \"background-image : url(data:image\/jpeg;base64,\/9j\/4AAQSkZJRgABAQAAAQABAAD\/2wBDAAMCAgICAgMCAgIDAwMDBAYEBAQEBAgGBgUGCQgKCgkICQkKDA8MCgsOCwkJDRENDg8QEBEQCgwSExIQEw8QEBD\/2wBDAQMDAwQDBAgEBAgQCwkLEBAQEBAQEBAQEBAQEBAQEBAQEBAQEBAQEBAQEBAQEBAQEBAQEBAQEBAQEBAQEBAQEBD\/wAARCAAfADIDASIAAhEBAxEB\/8QAGgAAAgMBAQAAAAAAAAAAAAAABgcAAwgFBP\/EADMQAAEDAwIDBgUCBwAAAAAAAAIDBAUABhIBIgcTFBEVIzJCciEzUmKiCCREUWGCksLy\/8QAGQEBAQADAQAAAAAAAAAAAAAABQQBAwYH\/8QAKxEAAQMCBAQFBQAAAAAAAAAAAQIDBAARBSFRYRITFDEVQXGBsSJSkeHw\/9oADAMBAAIRAxEAPwAd4UxsM+t1GLdTMfKPscRUbuxULH6d278aJhjbQZziNuOnHLknIkqKJDuxGlrYP6UeKdpvm8yldsWKZJJKkijzyyEvLjtH\/KhniYxlCv4VWF\/ow8lECSC\/UCpkK\/qLy+2omMT567MqByp9xlMaOOe3nft3uK0FLWnFw7Unr96m3RyEclNo5F5aCXzq0lBUxepl4gpeXHzFiNJ\/uu8pZwKUzxnhZBuuqlzUVHK\/ibvbTY4Y8O3HeWV83Gm4iWzlIkCR8Qk0hIS8pD7vxpVGLSmsjYih1RYbrnE2kp271TPWf+3LwvD9JDShua0TTJQ+V+Na24nSgKOo9hwqgWss3xycqPlBQL7REaXrqxbwlmLg7otIYt0liQporioKgllu25Y1ZHx1sL4XbD4rdNhhSBybq9qyzrb5duu2pTcXs\/BZQNSR2lrp83+tSk\/FY2ooHpHtP780fFdlxyzUmEXKOk3RIC0QJFyQlysVMcaXcgzlrPkpBrcLXvpS441J80lnG7bzxLL6sixIauvrjXLXNPNX7Wy4FgRpCJdAmTYdv25EP41QhxBeMBSVUtiKVQRbizPRQOaWo83LLd\/rjXm2HwkRPqWsWPrXTTpy3E8DSCSN8s\/1R6S1mzVoxaENbiacol0ZLuOkx2iRc0ssfbTORnmqNordzQL6WUQ6kVXDeNIRLcnjkWOP1D\/1S014hSNvwwzcBGMo5INBRLXQPMf8sR9O6vBwz423xeb2ct7v\/Vik0auXCujYe3LUfTpkPw3CNINIhxkBQUpQvf3PrRrsrEXllJQhGVsySch5WAp6MZR+ozakVqFFrd3kKS3SEJErltItu73Vx2N\/XbCwMownLlYrJuRQaIKEPPXTIfMpuxLIsvUVLe1J26VQfa8Q7ieO0lm6qTEG65Eu3U0+WrkW3+2hF7KMChVoguokx0e9Tzn5bhVESHIcfT9tTyIja7kApvqd76VW3iLjaAk2UdhtbzNdSTtt13k77bhnvnqfwY6erWpQo64r3No5W0VkUzPmFkWBbte3461Kl6Ifd81nq1aCv\/\/Z);\"\"><\/div><div class = \"tatsu-section-background tatsu-bg-lazyload\" data-src = \"https:\/\/www.quintadefaro.uk\/wp-content\/uploads\/revslider\/slider-3-1\/slider_11.jpg\"><\/div><\/div><div class=\"tatsu-overlay tatsu-section-overlay\"><\/div><\/div><style>.tatsu-r1W3M0aiAR .tatsu-section-background{background-image: url(https:\/\/www.quintadefaro.uk\/wp-content\/uploads\/revslider\/slider-3-1\/slider_11.jpg);background-repeat: no-repeat;background-attachment: scroll;background-position: top left;background-size: cover;}.tatsu-r1W3M0aiAR .tatsu-bg-blur{background-repeat: no-repeat;background-attachment: scroll;background-position: top left;background-size: cover;}.tatsu-r1W3M0aiAR .tatsu-section-pad{padding: 90px 0px 90px 0px;}.tatsu-r1W3M0aiAR .tatsu-section-offset-wrap{transform: translateY(-0px);}.tatsu-r1W3M0aiAR > .tatsu-bottom-divider{z-index: 9999;}.tatsu-r1W3M0aiAR > .tatsu-top-divider{z-index: 9999;}.tatsu-r1W3M0aiAR .tatsu-section-overlay{mix-blend-mode: normal;}.tatsu-r1W3M0aiAR .tatsu-custom-height-wrap{align-items: center;min-height: 50vh;}<\/style><\/div><div  class=\"tatsu-hu99j91cdjao4s94 tatsu-section  tatsu-bg-overlay   tatsu-clearfix\" data-title=\"\"  data-headerscheme=\"background--dark\"><div class='tatsu-section-pad clearfix' data-padding='{\"d\":\"90px 0px 90px 0px\"}' data-padding-top='90px'><div class=\"tatsu-row-wrap  tatsu-wrap tatsu-row-one-col tatsu-row-has-one-cols tatsu-medium-gutter tatsu-reg-cols  tatsu-clearfix tatsu-hu99j91cej68ml1q\" ><div  class=\"tatsu-row \" ><div  class=\"tatsu-column  tatsu-bg-overlay tatsu-one-col tatsu-column-image-none tatsu-column-effect-none  tatsu-hu99j91cff5i26g8\"  data-parallax-speed=\"0\" style=\"\"><div class=\"tatsu-column-inner \" ><div class=\"tatsu-column-pad-wrap\"><div class=\"tatsu-column-pad\" ><div  class=\"tatsu-module tatsu-text-block-wrap tatsu-hu99j91cg88r35m4  \"><div class=\"tatsu-text-inner tatsu-align-center  clearfix\" ><style>.tatsu-hu99j91cg88r35m4.tatsu-text-block-wrap .tatsu-text-inner{width: 100%;text-align: left;}<\/style>\n<h2><span class=\"HwtZe\" lang=\"fr\"><span class=\"jCAhz ChMk0b\"><span class=\"ryNqvb\">Qui sommes-nous ?<\/span><\/span><\/span><\/h2>\n<p><span class=\"HwtZe\" lang=\"fr\"><span class=\"jCAhz ChMk0b\"><span class=\"ryNqvb\">L\u2019adresse de notre site Web est : https:\/\/www.quintadefaro.uk<\/span><\/span><\/span><\/p>\n<h2><span class=\"HwtZe\" lang=\"fr\"><span class=\"jCAhz ChMk0b\"><span class=\"ryNqvb\">Commentaires<\/span><\/span><\/span><\/h2>\n<p><span class=\"HwtZe\" lang=\"fr\"><span class=\"jCAhz ChMk0b\"><span class=\"ryNqvb\">Lorsque les visiteurs laissent des commentaires sur le site, nous collectons les donn\u00e9es inscrites dans le formulaire de commentaires, ainsi que l\u2019adresse IP du visiteur et la cha\u00eene de l\u2019agent utilisateur du navigateur pour faciliter la d\u00e9tection des spams. <\/span><\/span><\/span><span class=\"HwtZe\" lang=\"fr\"><span class=\"jCAhz ChMk0b\"><span class=\"ryNqvb\">Une cha\u00eene anonymis\u00e9e cr\u00e9\u00e9e \u00e0 partir de votre adresse e-mail (\u00e9galement appel\u00e9e hachage) peut \u00eatre fournie au service Gravatar pour voir si vous l\u2019utilisez.<\/span><\/span> <span class=\"jCAhz ChMk0b\"><span class=\"ryNqvb\">La politique de confidentialit\u00e9 du service Gravatar est disponible ici\u00a0: https:\/\/automattic.com\/privacy\/.<\/span><\/span> <span class=\"jCAhz ChMk0b\"><span class=\"ryNqvb\">Apr\u00e8s approbation de votre commentaire, votre photo de profil est visible au public dans le contexte de votre commentaire.<\/span><\/span> <\/span><\/p>\n<h2>M\u00e9dias<\/h2>\n<p><span class=\"HwtZe\" lang=\"fr\"><span class=\"jCAhz ChMk0b\"><span class=\"ryNqvb\">Si vous t\u00e9l\u00e9chargez des images sur le site Web, vous devez \u00e9viter de t\u00e9l\u00e9charger des images avec des donn\u00e9es de localisation int\u00e9gr\u00e9es (EXIF GPS) incluses.<\/span><\/span> <span class=\"jCAhz ChMk0b\"><span class=\"ryNqvb\">Les visiteurs du site Web peuvent t\u00e9l\u00e9charger et extraire toutes les donn\u00e9es de localisation des images du site Web.<\/span><\/span><\/span><\/p>\n<h2>Cookies<\/h2>\n<p><span class=\"HwtZe\" lang=\"fr\"><span class=\"jCAhz ChMk0b\"><span class=\"ryNqvb\">Si vous laissez un commentaire sur notre site, vous pouvez choisir d\u2019enregistrer votre nom, votre adresse e-mail et votre site Web dans des cookies.<\/span><\/span> <span class=\"jCAhz ChMk0b\"><span class=\"ryNqvb\">Ceux-ci sont uniquement pour votre confort afin que vous n\u2019ayez pas \u00e0 saisir \u00e0 nouveau vos coordonn\u00e9es lorsque vous laissez un autre commentaire.<\/span><\/span> <span class=\"jCAhz ChMk0b\"><span class=\"ryNqvb\">Ces cookies ont une dur\u00e9e de vie d\u2019un an.<\/span><\/span><span class=\"jCAhz ChMk0b\"><span class=\"ryNqvb\"> Si vous visitez notre page de connexion, nous installerons un cookie temporaire pour d\u00e9terminer si votre navigateur accepte les cookies.<\/span><\/span> <span class=\"jCAhz ChMk0b\"><span class=\"ryNqvb\">Ce cookie ne contient aucune donn\u00e9e personnelle et est supprim\u00e9 lorsque vous fermez votre navigateur.<\/span><\/span><span class=\"jCAhz ChMk0b\"><span class=\"ryNqvb\"> Lorsque vous vous connectez, nous installons \u00e9galement plusieurs cookies pour enregistrer vos informations de connexion et vos choix d\u2019affichage \u00e0 l\u2019\u00e9cran.<\/span><\/span> <span class=\"jCAhz\"><span class=\"ryNqvb\">Les cookies de connexion durent deux jours et les cookies d\u2019options d\u2019\u00e9cran durent un an.<\/span><\/span> <span class=\"jCAhz ChMk0b\"><span class=\"ryNqvb\">Si vous s\u00e9lectionnez \u00ab Se souvenir de moi \u00bb, votre connexion persistera pendant deux semaines.<\/span><\/span> <span class=\"jCAhz ChMk0b\"><span class=\"ryNqvb\">Si vous vous d\u00e9connectez de votre compte, les cookies de connexion seront supprim\u00e9s.<\/span><\/span><span class=\"jCAhz ChMk0b\"><span class=\"ryNqvb\"> Si vous modifiez ou publiez un article, un cookie suppl\u00e9mentaire sera enregistr\u00e9 dans votre navigateur.<\/span><\/span> <span class=\"jCAhz ChMk0b\"><span class=\"ryNqvb\">Ce cookie ne comprend aucune donn\u00e9e personnelle et indique simplement l\u2019identifiant de publication de l\u2019article que vous venez de modifier.<\/span><\/span> <span class=\"jCAhz ChMk0b\"><span class=\"ryNqvb\">Il expire apr\u00e8s 1 jour.<\/span><\/span><\/span><\/p>\n<h2><span class=\"HwtZe\" lang=\"fr\"><span class=\"jCAhz ChMk0b\"><span class=\"ryNqvb\">Contenu int\u00e9gr\u00e9 provenant d\u2019autres sites Web<\/span><\/span><\/span><\/h2>\n<p><span class=\"HwtZe\" lang=\"fr\"><span class=\"jCAhz ChMk0b\"><span class=\"ryNqvb\">Les articles de ce site peuvent inclure du contenu int\u00e9gr\u00e9 (par exemple des vid\u00e9os, des images, des articles, etc.).<\/span><\/span> <span class=\"jCAhz ChMk0b\"><span class=\"ryNqvb\">Le contenu int\u00e9gr\u00e9 provenant d\u2019autres sites Web se comporte exactement de la m\u00eame mani\u00e8re que si le visiteur avait visit\u00e9 l\u2019autre site Web.<\/span><\/span><span class=\"jCAhz ChMk0b\"><span class=\"ryNqvb\"> Ces sites Web peuvent collecter des donn\u00e9es vous concernant, utiliser des cookies, int\u00e9grer un suivi tiers suppl\u00e9mentaire et surveiller votre interaction avec ce contenu int\u00e9gr\u00e9, y compris le suivi de votre interaction avec le contenu int\u00e9gr\u00e9 si vous avez un compte et \u00eates connect\u00e9 \u00e0 ce site Web.<\/span><\/span><\/span><\/p>\n<h2><span class=\"HwtZe\" lang=\"fr\"><span class=\"jCAhz ChMk0b\"><span class=\"ryNqvb\">Avec qui partageons-nous vos donn\u00e9es\u00a0?<\/span><\/span><\/span><\/h2>\n<p><span class=\"HwtZe\" lang=\"fr\"><span class=\"jCAhz ChMk0b\"><span class=\"ryNqvb\">Si vous demandez une r\u00e9initialisation de mot de passe, votre adresse IP sera incluse dans l\u2019e-mail de r\u00e9initialisation.<\/span><\/span><\/span><\/p>\n<h2>Pendant combien de temps conservons-nous vos donn\u00e9es\u00a0?<\/h2>\n<p>Si vous laissez un commentaire, le commentaire et ses m\u00e9tadonn\u00e9es sont conserv\u00e9s ind\u00e9finiment. Cela nous permet de reconna\u00eetre et d\u2019approuver automatiquement tout commentaire de suivi au lieu de le conserver dans une file d\u2019attente de mod\u00e9ration. Pour les utilisateurs qui s\u2019inscrivent sur notre site Web (le cas \u00e9ch\u00e9ant), nous stockons \u00e9galement les informations personnelles qu\u2019ils fournissent dans leur profil utilisateur. Tous les utilisateurs peuvent voir, modifier ou supprimer leurs informations personnelles \u00e0 tout moment (sauf qu\u2019ils ne peuvent pas changer leur nom d\u2019utilisateur). Les administrateurs du site Web peuvent \u00e9galement voir et modifier ces informations.<\/p>\n<h2>Quels droits avez-vous sur vos donn\u00e9es\u00a0?<\/h2>\n<p>Si vous avez un compte sur ce site ou si vous avez laiss\u00e9 des commentaires, vous pouvez demander \u00e0 recevoir un fichier export\u00e9 des donn\u00e9es personnelles que nous d\u00e9tenons \u00e0 votre sujet, y compris toutes les donn\u00e9es que vous nous avez fournies. Vous pouvez \u00e9galement demander que nous supprimions toutes les donn\u00e9es personnelles que nous d\u00e9tenons \u00e0 votre sujet. Cela n\u2019inclut pas les donn\u00e9es que nous sommes oblig\u00e9s de conserver \u00e0 des fins administratives, juridiques ou de s\u00e9curit\u00e9.<\/p>\n<h2>O\u00f9 vos donn\u00e9es sont envoy\u00e9es ?<\/h2>\n<p>Les commentaires des visiteurs peuvent \u00eatre v\u00e9rifi\u00e9s via un service automatis\u00e9 de d\u00e9tection de spam.<\/p>\n<h2>Plugins<\/h2>\n<p>WPML utilise des cookies pour identifier la langue actuelle du visiteur, la derni\u00e8re langue visit\u00e9e et la langue des utilisateurs qui se sont connect\u00e9s.<br \/>Pendant que vous utilisez le plugin, WPML partagera des donn\u00e9es concernant le site via Installer. Aucune donn\u00e9e de l\u2019utilisateur lui-m\u00eame ne sera partag\u00e9e.<br \/>WPML Translation Management enverra l\u2019adresse e-mail et le nom de chaque responsable et traducteur assign\u00e9 ainsi que le contenu lui-m\u00eame \u00e0 Advanced Translation Editor et aux services de traduction utilis\u00e9s.<br \/>WPML String Translation enverra toutes les cha\u00eenes \u00e0 Advanced Translation Editor de WPML et aux services de traduction utilis\u00e9s.<\/p>\n<h2>YouTube<\/h2>\n<p>Notre site Web utilise des plugins de YouTube, qui est exploit\u00e9 par Google. L\u2019op\u00e9rateur des pages est YouTube LLC, 901 Cherry Ave., San Bruno, CA 94066, USA. Si vous visitez l\u2019une de nos pages comportant un plugin YouTube, une connexion aux serveurs YouTube est \u00e9tablie. Le serveur YouTube est alors inform\u00e9 des pages que vous avez visit\u00e9es. Si vous \u00eates connect\u00e9 \u00e0 votre compte YouTube, YouTube vous permet d\u2019associer votre comportement de navigation directement \u00e0 votre profil personnel. Vous pouvez emp\u00eacher cela en vous d\u00e9connectant de votre compte YouTube. YouTube est utilis\u00e9 pour rendre notre site Web attrayant. Cela constitue un int\u00e9r\u00eat justifi\u00e9 au sens de l\u2019art. 6 (1) (f) DSGVO. Vous trouverez de plus amples informations sur le traitement des donn\u00e9es utilisateur dans la d\u00e9claration de protection des donn\u00e9es de YouTube sous https:\/\/www.google.de\/intl\/de\/policies\/privacy.<\/p>\n<h2>Vimeo<\/h2>\n<p><span class=\"HwtZe\" lang=\"fr\"><span class=\"jCAhz ChMk0b\"><span class=\"ryNqvb\">Notre site Internet utilise des fonctionnalit\u00e9s du portail vid\u00e9o Vimeo.<\/span><\/span> <span class=\"jCAhz ChMk0b\"><span class=\"ryNqvb\">Ce service est fourni par Vimeo Inc., 555 West 18th Street, New York, New York 10011, USA.<\/span><\/span><span class=\"jCAhz ChMk0b\"><span class=\"ryNqvb\"> Si vous visitez l\u2019une de nos pages comportant un plugin Vimeo, une connexion aux serveurs Vimeo est \u00e9tablie.<\/span><\/span> <span class=\"jCAhz ChMk0b\"><span class=\"ryNqvb\">Le serveur Vimeo est alors inform\u00e9 des pages que vous avez visit\u00e9es.<\/span><\/span> <span class=\"jCAhz ChMk0b\"><span class=\"ryNqvb\">De plus, Vimeo re\u00e7oit votre adresse IP.<\/span><\/span> <span class=\"jCAhz ChMk0b\"><span class=\"ryNqvb\">Cela s\u2019applique \u00e9galement si vous n\u2019\u00eates pas connect\u00e9 \u00e0 Vimeo lorsque vous visitez notre plugin ou si vous n\u2019avez pas de compte Vimeo.<\/span><\/span> <span class=\"jCAhz ChMk0b\"><span class=\"ryNqvb\">Les informations sont transmises \u00e0 un serveur Vimeo aux \u00c9tats-Unis, o\u00f9 elles sont stock\u00e9es.<\/span><\/span><span class=\"jCAhz ChMk0b\"><span class=\"ryNqvb\"> Si vous \u00eates connect\u00e9 \u00e0 votre compte Vimeo, Vimeo vous permet d\u2019associer directement votre comportement de navigation \u00e0 votre profil personnel.<\/span><\/span> <span class=\"jCAhz ChMk0b\"><span class=\"ryNqvb\">Vous pouvez emp\u00eacher cela en vous d\u00e9connectant de votre compte Vimeo.<\/span><\/span><span class=\"jCAhz ChMk0b\"><span class=\"ryNqvb\"> Pour plus d\u2019informations sur la gestion des donn\u00e9es utilisateur, veuillez vous r\u00e9f\u00e9rer \u00e0 la politique de confidentialit\u00e9 de Vimeo sur https:\/\/vimeo.com\/privacy.<\/span><\/span><\/span><\/p>\n<h2>Google Web Fonts<\/h2>\n<p><span class=\"HwtZe\" lang=\"fr\"><span class=\"jCAhz ChMk0b\"><span class=\"ryNqvb\">Pour une repr\u00e9sentation uniforme des polices, cette page utilise des polices Web fournies par Google.<\/span><\/span> <span class=\"jCAhz ChMk0b\"><span class=\"ryNqvb\">Lorsque vous ouvrez une page, votre navigateur charge les polices Web requises dans le cache de votre navigateur pour afficher correctement les textes et les polices.<\/span><\/span><span class=\"jCAhz ChMk0b\"><span class=\"ryNqvb\"> Pour cela, votre navigateur doit \u00e9tablir une connexion directe avec les serveurs de Google.<\/span><\/span> <span class=\"jCAhz ChMk0b\"><span class=\"ryNqvb\">Google prend ainsi connaissance que notre page Web a \u00e9t\u00e9 consult\u00e9e via votre adresse IP.<\/span><\/span> <span class=\"jCAhz ChMk0b\"><span class=\"ryNqvb\">L\u2019utilisation des polices Web de Google est effectu\u00e9e dans l\u2019int\u00e9r\u00eat d\u2019une pr\u00e9sentation uniforme et attrayante de notre plugin.<\/span><\/span> <span class=\"jCAhz\"><span class=\"ryNqvb\">Cela constitue un int\u00e9r\u00eat justifi\u00e9 au sens de l\u2019art.<\/span><\/span> <span class=\"jCAhz\"><span class=\"ryNqvb\">6 (1) (f) DSGVO.<\/span><\/span><span class=\"jCAhz\"><span class=\"ryNqvb\"> Si votre navigateur ne prend pas en charge les polices Web, une police standard est utilis\u00e9e par votre ordinateur.<\/span><\/span><span class=\"jCAhz ChMk0b\"><span class=\"ryNqvb\"> Vous trouverez de plus amples informations sur le traitement des donn\u00e9es utilisateur sur https:\/\/developers.google.com\/fonts\/faq et dans la politique de confidentialit\u00e9 de Google sur https:\/\/www.google.com\/policies\/privacy<\/span><\/span><\/span><\/p>\n<h2>SoundCloud<\/h2>\n<p><span class=\"HwtZe\" lang=\"fr\"><span class=\"jCAhz ChMk0b\"><span class=\"ryNqvb\">Sur nos pages, des plugins du r\u00e9seau social SoundCloud (SoundCloud Limited, Berners House, 47-48 Berners Street, Londres W1T 3NF, Royaume-Uni) peuvent \u00eatre int\u00e9gr\u00e9s.<\/span><\/span> <span class=\"jCAhz ChMk0b\"><span class=\"ryNqvb\">Les plugins SoundCloud sont reconnaissables au logo SoundCloud sur notre site.<\/span><\/span><span class=\"jCAhz ChMk0b\"><span class=\"ryNqvb\"> Lorsque vous visitez notre site, une connexion directe entre votre navigateur et le serveur SoundCloud est \u00e9tablie via le plugin.<\/span><\/span> <span class=\"jCAhz ChMk0b\"><span class=\"ryNqvb\">Cela permet \u00e0 SoundCloud de recevoir des informations selon lesquelles vous avez visit\u00e9 notre site \u00e0 partir de votre adresse IP.<\/span><\/span> <span class=\"jCAhz ChMk0b\"><span class=\"ryNqvb\">Si vous cliquez sur les boutons \u00ab J\u2019aime \u00bb ou \u00ab Partager \u00bb alors que vous \u00eates connect\u00e9 \u00e0 votre compte SoundCloud, vous pouvez lier le contenu de nos pages \u00e0 votre profil SoundCloud.<\/span><\/span> <span class=\"jCAhz\"><span class=\"ryNqvb\">Cela signifie que SoundCloud peut associer les visites sur nos pages \u00e0 votre compte utilisateur.<\/span><\/span> <span class=\"jCAhz ChMk0b\"><span class=\"ryNqvb\">Nous tenons \u00e0 souligner qu\u2019en tant que fournisseur de ces pages, nous n\u2019avons aucune connaissance du contenu des donn\u00e9es transmises ni de la mani\u00e8re dont elles seront utilis\u00e9es par SoundCloud.<\/span><\/span> <span class=\"jCAhz ChMk0b\"><span class=\"ryNqvb\">Pour plus d\u2019informations sur la politique de confidentialit\u00e9 de SoundCloud, veuillez consulter https:\/\/soundcloud.com\/pages\/privacy Si vous ne souhaitez pas que SoundCloud associe votre visite sur notre site \u00e0 votre compte SoundCloud, veuillez vous d\u00e9connecter de votre compte SoundCloud.<\/span><\/span><\/span><\/p>\n<p>\u00a0<\/p>\n<\/div><\/div><\/div><\/div><div class = \"tatsu-column-bg-image-wrap\"><div class = \"tatsu-column-bg-image tatsu-bg-lazyload\" data-src = \"\"><\/div><\/div><div class=\"tatsu-overlay tatsu-column-overlay tatsu-animate-none\" ><\/div><\/div><style>.tatsu-row > .tatsu-hu99j91cff5i26g8.tatsu-column{width: 100%;}.tatsu-hu99j91cff5i26g8.tatsu-column > .tatsu-column-inner > .tatsu-column-overlay{mix-blend-mode: normal;}.tatsu-hu99j91cff5i26g8 > .tatsu-column-inner > .tatsu-top-divider{z-index: 9999;}.tatsu-hu99j91cff5i26g8 > .tatsu-column-inner > .tatsu-bottom-divider{z-index: 9999;}.tatsu-hu99j91cff5i26g8 > .tatsu-column-inner > .tatsu-left-divider{z-index: 9999;}.tatsu-hu99j91cff5i26g8 > .tatsu-column-inner > .tatsu-right-divider{z-index: 9999;}<\/style><\/div><\/div><\/div><\/div><div class=\"tatsu-section-background-wrap\"><div class = \"tatsu-section-background tatsu-bg-lazyload\" data-src = \"\"><\/div><\/div><div class=\"tatsu-overlay tatsu-section-overlay\"><\/div><style>.tatsu-hu99j91cdjao4s94 .tatsu-section-pad{padding: 90px 0px 90px 0px;}.tatsu-hu99j91cdjao4s94 > .tatsu-bottom-divider{z-index: 9999;}.tatsu-hu99j91cdjao4s94 > .tatsu-top-divider{z-index: 9999;}.tatsu-hu99j91cdjao4s94 .tatsu-section-overlay{mix-blend-mode: normal;}<\/style><\/div><div  class=\"tatsu-H1ZyAa6iAA tatsu-section  tatsu-bg-overlay   tatsu-clearfix\" data-title=\"\"  data-headerscheme=\"background--dark\"><div class='tatsu-section-pad clearfix' data-padding='{\"d\":\"90px 0px 90px 0px\"}' data-padding-top='90px'><div class=\"tatsu-row-wrap  tatsu-wrap tatsu-row-one-col tatsu-row-has-one-cols tatsu-medium-gutter tatsu-reg-cols  tatsu-clearfix tatsu-BkgJRTpjC0\" ><div  class=\"tatsu-row \" ><div  class=\"tatsu-column  tatsu-bg-overlay tatsu-column-empty tatsu-one-col tatsu-column-image-none tatsu-column-effect-none  tatsu-rJJRppjC0\"  data-parallax-speed=\"0\" style=\"\"><div class=\"tatsu-column-inner \" ><div class=\"tatsu-column-pad-wrap\"><div class=\"tatsu-column-pad\" ><\/div><\/div><div class = \"tatsu-column-bg-image-wrap\"><div class = \"tatsu-column-bg-image tatsu-bg-lazyload\" data-src = \"\"><\/div><\/div><div class=\"tatsu-overlay tatsu-column-overlay tatsu-animate-none\" ><\/div><\/div><style>.tatsu-row > .tatsu-rJJRppjC0.tatsu-column{width: 100%;}.tatsu-rJJRppjC0.tatsu-column > .tatsu-column-inner > .tatsu-column-overlay{mix-blend-mode: normal;}.tatsu-rJJRppjC0 > .tatsu-column-inner > .tatsu-top-divider{z-index: 9999;}.tatsu-rJJRppjC0 > .tatsu-column-inner > .tatsu-bottom-divider{z-index: 9999;}.tatsu-rJJRppjC0 > .tatsu-column-inner > .tatsu-left-divider{z-index: 9999;}.tatsu-rJJRppjC0 > .tatsu-column-inner > .tatsu-right-divider{z-index: 9999;}@media only screen and (max-width:1377px) {.tatsu-row > .tatsu-rJJRppjC0.tatsu-column{width: 100%;}}@media only screen and (min-width:768px) and (max-width: 1024px) {.tatsu-row > .tatsu-rJJRppjC0.tatsu-column{width: 100%;}}@media only screen and (max-width: 767px) {.tatsu-row > .tatsu-rJJRppjC0.tatsu-column{width: 100%;}}<\/style><\/div><\/div><\/div><\/div><div class=\"tatsu-section-background-wrap\"><div class = \"tatsu-section-background tatsu-bg-lazyload\" data-src = \"\"><\/div><\/div><div class=\"tatsu-overlay tatsu-section-overlay\"><\/div><style>.tatsu-H1ZyAa6iAA.tatsu-section{background-color: rgba(8,28,55,1);}.tatsu-H1ZyAa6iAA .tatsu-section-pad{padding: 90px 0px 90px 0px;}.tatsu-H1ZyAa6iAA .tatsu-section-offset-wrap{transform: translateY(-0px);}.tatsu-H1ZyAa6iAA > .tatsu-bottom-divider{z-index: 9999;}.tatsu-H1ZyAa6iAA > .tatsu-top-divider{z-index: 9999;}.tatsu-H1ZyAa6iAA .tatsu-section-overlay{mix-blend-mode: normal;}<\/style><\/div>\n","protected":false},"excerpt":{"rendered":"<div><a href=\"https:\/\/www.quintadefaro.uk\/fr\/politique-de-confidentialite\/\" class=\"exp-read-more exp-read-more-underlined\">Read More<\/a><\/div>\n","protected":false},"author":1,"featured_media":829,"parent":0,"menu_order":8,"comment_status":"closed","ping_status":"closed","template":"","meta":{"_seopress_robots_primary_cat":"","_seopress_titles_title":"","_seopress_titles_desc":"","_seopress_robots_index":"","footnotes":""},"class_list":["post-818","page","type-page","status-publish","has-post-thumbnail","hentry"],"_links":{"self":[{"href":"https:\/\/www.quintadefaro.uk\/fr\/wp-json\/wp\/v2\/pages\/818","targetHints":{"allow":["GET"]}}],"collection":[{"href":"https:\/\/www.quintadefaro.uk\/fr\/wp-json\/wp\/v2\/pages"}],"about":[{"href":"https:\/\/www.quintadefaro.uk\/fr\/wp-json\/wp\/v2\/types\/page"}],"author":[{"embeddable":true,"href":"https:\/\/www.quintadefaro.uk\/fr\/wp-json\/wp\/v2\/users\/1"}],"replies":[{"embeddable":true,"href":"https:\/\/www.quintadefaro.uk\/fr\/wp-json\/wp\/v2\/comments?post=818"}],"version-history":[{"count":2,"href":"https:\/\/www.quintadefaro.uk\/fr\/wp-json\/wp\/v2\/pages\/818\/revisions"}],"predecessor-version":[{"id":4245,"href":"https:\/\/www.quintadefaro.uk\/fr\/wp-json\/wp\/v2\/pages\/818\/revisions\/4245"}],"wp:featuredmedia":[{"embeddable":true,"href":"https:\/\/www.quintadefaro.uk\/fr\/wp-json\/wp\/v2\/media\/829"}],"wp:attachment":[{"href":"https:\/\/www.quintadefaro.uk\/fr\/wp-json\/wp\/v2\/media?parent=818"}],"curies":[{"name":"wp","href":"https:\/\/api.w.org\/{rel}","templated":true}]}}