{"id":589,"date":"2024-09-27T15:28:39","date_gmt":"2024-09-27T13:28:39","guid":{"rendered":"https:\/\/new.quintadefaro.uk\/?page_id=589"},"modified":"2024-10-23T16:06:13","modified_gmt":"2024-10-23T14:06:13","slug":"plan-du-site","status":"publish","type":"page","link":"https:\/\/www.quintadefaro.uk\/fr\/plan-du-site\/","title":{"rendered":"Plan du site"},"content":{"rendered":"<div  class=\"tatsu-hu9hwu03nscbu4xd tatsu-section  tatsu-section-custom-height tatsu-bg-overlay   tatsu-clearfix\" data-title=\"\"  data-headerscheme=\"background--dark\"><div class = \"tatsu-custom-height-wrap\"><div class='tatsu-section-pad clearfix' data-padding='{\"d\":\"90px 0px 15px 0px\"}' data-padding-top='90px'><div class=\"tatsu-row-wrap  tatsu-wrap tatsu-row-one-col tatsu-row-has-one-cols tatsu-medium-gutter tatsu-reg-cols  tatsu-clearfix tatsu-hu9hwu03ow299mw0\" ><div  class=\"tatsu-row \" ><div  class=\"tatsu-column  tatsu-bg-overlay tatsu-one-col tatsu-column-image-none tatsu-column-effect-none  tatsu-hu9hwu03pw9e6cd4\"  data-parallax-speed=\"0\" style=\"\"><div class=\"tatsu-column-inner \" ><div class=\"tatsu-column-pad-wrap\"><div class=\"tatsu-column-pad\" ><div  class=\"special-heading-wrap style4  tatsu-Sy2pGMnAR oshine-module  \" ><div class=\"vertical-divider top\"><\/div><div class=\"special-heading \"><h3 class=\"special-h-tag\" >Plan du site<\/h3><\/div><div class=\"vertical-divider bottom\" ><\/div><style>.tatsu-Sy2pGMnAR .special-h-tag{color: rgba(255,255,255,1) ;}.tatsu-Sy2pGMnAR.special-heading-wrap .vertical-divider{background: rgba(255,127,2,1);}<\/style><\/div><\/div><\/div><div class = \"tatsu-column-bg-image-wrap\"><div class = \"tatsu-column-bg-image tatsu-bg-lazyload\" data-src = \"\"><\/div><\/div><div class=\"tatsu-overlay tatsu-column-overlay tatsu-animate-none\" ><\/div><\/div><style>.tatsu-row > .tatsu-hu9hwu03pw9e6cd4.tatsu-column{width: 100%;}.tatsu-hu9hwu03pw9e6cd4.tatsu-column > .tatsu-column-inner > .tatsu-column-overlay{mix-blend-mode: normal;}.tatsu-hu9hwu03pw9e6cd4 > .tatsu-column-inner > .tatsu-top-divider{z-index: 9999;}.tatsu-hu9hwu03pw9e6cd4 > .tatsu-column-inner > .tatsu-bottom-divider{z-index: 9999;}.tatsu-hu9hwu03pw9e6cd4 > .tatsu-column-inner > .tatsu-left-divider{z-index: 9999;}.tatsu-hu9hwu03pw9e6cd4 > .tatsu-column-inner > .tatsu-right-divider{z-index: 9999;}<\/style><\/div><\/div><\/div><\/div><div class=\"tatsu-section-background-wrap\"><div class = \"tatsu-bg-blur\" style = \"background-image : url(data:image\/jpeg;base64,\/9j\/4AAQSkZJRgABAQAAAQABAAD\/2wBDAAMCAgICAgMCAgIDAwMDBAYEBAQEBAgGBgUGCQgKCgkICQkKDA8MCgsOCwkJDRENDg8QEBEQCgwSExIQEw8QEBD\/2wBDAQMDAwQDBAgEBAgQCwkLEBAQEBAQEBAQEBAQEBAQEBAQEBAQEBAQEBAQEBAQEBAQEBAQEBAQEBAQEBAQEBAQEBD\/wAARCAAeADIDASIAAhEBAxEB\/8QAGgAAAgMBAQAAAAAAAAAAAAAABwgABQYDBP\/EADQQAAECBQMBBgQEBwAAAAAAAAIDBAABBQYSByIyExEUQlJichUWIYIjMTNBJENRYZKisf\/EABgBAQADAQAAAAAAAAAAAAAAAAQAAgUD\/8QAIxEAAQQCAAYDAAAAAAAAAAAAAgABAxIEEwURFCJCUjKBof\/aAAwDAQACEQMRAD8AV9ix+FsxrlLeJpiS+KSeJKEXp5Y7YYKw3SCdnp3LdC7VMR\/VJEcvF5fugR2rYdvXkTh+q3qXw1KodAVBIcW6qvHb7sY3F8aY2RbbMlX9SuxuzbPkmi5dJAkOuP8AKEscYyeH53REQiX6rDglKNhFH6wRo10N1nVLSUJNBckMiHl6h9JQULfslJQuqLXIS9MKnael9x23RX1zUi4KozY1PpNixXEcRVHaJch3CXKNUNm6oaZ0F1QXWprpNFyKtIJPvPeRb7sfdl4YYXHb+QpUOHq8Uz14Uc7btVaqE6UYpjtVWTSElN3hHLaPuLaMIjrJcjp8ii1pt1OiJVyqJqOHYqJppZbsS5Y7uW3LyjjHS\/nmoej9DRtKral3A4otcTVc9xTVyLLdltIto8dsZkrHYVC2Vryq91UcWqCHXJFw5EVyEk8hFNPLduyHHze6BzZW0RIvip3Wqg2hXruBBMBrKqchCUpB3njLs\/KJHjP5NmZTSc1LCc54\/wAMp+X7eKJF+bKWRGsOoNbfdMakGJKMXPVXEuLwduOX+0Ey7tWldQGby1KuCdDotVqw1QhEcumrjxEseJQrUrpfSUBNMR\/Ex5e6LphXKg8cTGZSUVbhhLqz7REP6j6oyemcysSKOVIHaKat1rp8PttnbNU6NYZpKpELhMsSERHEchEsS4xzr2qFlX0zeJVSvE1UXdk5QHa2xyx5KD6hy5Qtomuwt1BwLpYifuSKY5bRllj2RVVWpSpoSfGBLSP9MZ\/T\/KLxQapLUZdpMuchrZNr8s2HqdTRcOr8UdVCnpYl1BTdkPlFPq45ZfdFO+0za0mlqJXDV27GjoNlUExfJpNMshyEfERDtHwwsVv1+sOnPfqU67qTYRdCU\/qQn1R3D6t0bpVsu4fzd3JWXtVUcIiXWXnM1By7fMX9pQp5mjjrrFCjieMrO5P9qvDUZJmAtEqV2AhKSYy65fSUvpL\/AJEgt\/KWlyn4hUZ52luntH9\/uiRkb4fVM0zey\/\/Z);\"\"><\/div><div class = \"tatsu-section-background tatsu-bg-lazyload\" data-src = \"https:\/\/www.quintadefaro.uk\/wp-content\/uploads\/2024\/09\/Villa_Header.jpg\"><\/div><\/div><div class=\"tatsu-overlay tatsu-section-overlay\"><\/div><\/div><style>.tatsu-hu9hwu03nscbu4xd .tatsu-section-background{background-image: url(https:\/\/www.quintadefaro.uk\/wp-content\/uploads\/2024\/09\/Villa_Header.jpg);background-repeat: no-repeat;background-attachment: scroll;background-position: top left;background-size: cover;}.tatsu-hu9hwu03nscbu4xd .tatsu-bg-blur{background-repeat: no-repeat;background-attachment: scroll;background-position: top left;background-size: cover;}.tatsu-hu9hwu03nscbu4xd .tatsu-section-pad{padding: 90px 0px 15px 0px;}.tatsu-hu9hwu03nscbu4xd > .tatsu-bottom-divider{z-index: 9999;}.tatsu-hu9hwu03nscbu4xd > .tatsu-top-divider{z-index: 9999;}.tatsu-hu9hwu03nscbu4xd .tatsu-section-overlay{mix-blend-mode: normal;}.tatsu-hu9hwu03nscbu4xd .tatsu-custom-height-wrap{align-items: center;min-height: 50vh;}<\/style><\/div><div  class=\"tatsu-ByWSiMzhCR tatsu-section  tatsu-bg-overlay   tatsu-clearfix\" data-title=\"\"  data-headerscheme=\"background--dark\"><div class='tatsu-section-pad clearfix' data-padding='{\"d\":\"90px 0px 90px 0px\"}' data-padding-top='90px'><div class=\"tatsu-row-wrap  tatsu-wrap tatsu-row-one-col tatsu-row-has-one-cols tatsu-medium-gutter tatsu-reg-cols  tatsu-clearfix tatsu-Bkg-KMM3CR\" ><div  class=\"tatsu-row \" ><div  class=\"tatsu-column  tatsu-bg-overlay tatsu-one-col tatsu-column-image-none tatsu-column-effect-none  tatsu-S1WYff30A\"  data-parallax-speed=\"0\" style=\"\"><div class=\"tatsu-column-inner \" ><div class=\"tatsu-column-pad-wrap\"><div class=\"tatsu-column-pad\" ><div  class=\"tatsu-shortcode-module tatsu-module tatsu-S19PzM3AC   \"  >\n<pre><div class=\"wrap-html-sitemap sp-html-sitemap\"><div class=\"sp-wrap-cpt\"><h2 class=\"sp-cpt-name\">Pages<\/h2><ul class=\"sp-list-posts sp-cpt-hierarchical\"><li class=\"page_item page-item-117\"><a href=\"https:\/\/www.quintadefaro.uk\/fr\/\">Villas de luxe \u00e0 vendre \u00e0 Faro en Algarve \u00e0 la vente<\/a><\/li><li class=\"page_item page-item-637\"><a href=\"https:\/\/www.quintadefaro.uk\/fr\/villas-de-luxe-a-faro\/\">Villas de Luxe \u00e0 Faro<\/a><\/li><li class=\"page_item page-item-708\"><a href=\"https:\/\/www.quintadefaro.uk\/fr\/promotion\/\">Promotion<\/a><\/li><li class=\"page_item page-item-654\"><a href=\"https:\/\/www.quintadefaro.uk\/fr\/vivre-algarve\/\">Vivre en Algarve<\/a><\/li><li class=\"page_item page-item-692\"><a href=\"https:\/\/www.quintadefaro.uk\/fr\/vivre-et-investir-au-portugal\/\">Vivre et investir au Portugal<\/a><\/li><li class=\"page_item page-item-1332\"><a href=\"https:\/\/www.quintadefaro.uk\/fr\/informations\/\">Actualit\u00e9s<\/a><\/li><li class=\"page_item page-item-744\"><a href=\"https:\/\/www.quintadefaro.uk\/fr\/contactez-nous\/\">Contactez-nous<\/a><\/li><li class=\"page_item page-item-789\"><a href=\"https:\/\/www.quintadefaro.uk\/fr\/brochure\/\">Brochure<\/a><\/li><li class=\"page_item page-item-818\"><a href=\"https:\/\/www.quintadefaro.uk\/fr\/politique-de-confidentialite\/\">Politique de confidentialit\u00e9<\/a><\/li><li class=\"page_item page-item-589\"><a href=\"https:\/\/www.quintadefaro.uk\/fr\/plan-du-site\/\">Plan du site<\/a><\/li><\/ul><\/div><div class=\"sp-wrap-cpt\"><h2 class=\"sp-cpt-name\">Articles<\/h2><ul class=\"sp-list-posts\"><li><a href=\"https:\/\/www.quintadefaro.uk\/fr\/travaux\/debut-de-la-derniere-phase\/\">D\u00e9but de la derni\u00e8re phase<\/a><\/li><li><a href=\"https:\/\/www.quintadefaro.uk\/fr\/travaux\/finitions-et-equipements\/\">Finitions et \u00c9quipements<\/a><\/li><li><a href=\"https:\/\/www.quintadefaro.uk\/fr\/travaux\/diaporama-decembre-2024\/\">Diaporama D\u00e9cembre 2024<\/a><\/li><li><a href=\"https:\/\/www.quintadefaro.uk\/fr\/travaux\/decouvrez-la-vie-de-luxe-a-quinta-de-faro-votre-porte-dentree-vers-lalgarve\/\">D\u00e9couvrez la vie de luxe \u00e0 Quinta de Faro : votre porte d&#8217;entr\u00e9e vers l&#8217;Algarve<\/a><\/li><li><a href=\"https:\/\/www.quintadefaro.uk\/fr\/travaux\/explorer-faro-attractions-pres-des-villas-de-quinta-de-faro\/\">Explorer Faro : Attractions pr\u00e8s des villas de Quinta de Faro<\/a><\/li><li><a href=\"https:\/\/www.quintadefaro.uk\/fr\/travaux\/vivre-lexcellence-en-algarve-decouvrez-quinta-de-faro\/\">Vivre l\u2019Excellence en Algarve : D\u00e9couvrez Quinta de Faro<\/a><\/li><li><a href=\"https:\/\/www.quintadefaro.uk\/fr\/non-classifiee\/le-guide-ultime-pour-devenir-proprietaire-dune-villa-a-quinta-de-faro\/\">Le Guide Ultime pour Devenir Propri\u00e9taire d\u2019une Villa \u00e0 Quinta de Faro<\/a><\/li><li><a href=\"https:\/\/www.quintadefaro.uk\/fr\/travaux\/quinta-de-faro-lequilibre-parfait-entre-elegance-moderne-et-charme-traditionnel\/\">Quinta de Faro : L\u2019\u00c9quilibre Parfait entre \u00c9l\u00e9gance Moderne et Charme Traditionnel<\/a><\/li><li><a href=\"https:\/\/www.quintadefaro.uk\/fr\/travaux\/de-linvestissement-au-style-de-vie-les-avantages-des-villas-de-quinta-de-faro\/\">De l\u2019Investissement au Style de Vie : Les Avantages des Villas de Quinta de Faro<\/a><\/li><li><a href=\"https:\/\/www.quintadefaro.uk\/fr\/travaux\/quinta-de-faro-votre-refuge-exclusif-en-algarve\/\">Quinta de Faro : Votre Refuge Exclusif en Algarve<\/a><\/li><li><a href=\"https:\/\/www.quintadefaro.uk\/fr\/non-classifiee\/potentiel-dinvestissement-pourquoi-quinta-de-faro-est-un-choix-judicieux\/\">Potentiel d&#8217;investissement : pourquoi Quinta de Faro est un choix judicieux<\/a><\/li><\/ul><\/div><\/div><\/pre>\n<\/div><\/div><\/div><div class = \"tatsu-column-bg-image-wrap\"><div class = \"tatsu-column-bg-image tatsu-bg-lazyload\" data-src = \"\"><\/div><\/div><div class=\"tatsu-overlay tatsu-column-overlay tatsu-animate-none\" ><\/div><\/div><style>.tatsu-row > .tatsu-S1WYff30A.tatsu-column{width: 100%;}.tatsu-S1WYff30A.tatsu-column > .tatsu-column-inner > .tatsu-column-overlay{mix-blend-mode: normal;}.tatsu-S1WYff30A > .tatsu-column-inner > .tatsu-top-divider{z-index: 9999;}.tatsu-S1WYff30A > .tatsu-column-inner > .tatsu-bottom-divider{z-index: 9999;}.tatsu-S1WYff30A > .tatsu-column-inner > .tatsu-left-divider{z-index: 9999;}.tatsu-S1WYff30A > .tatsu-column-inner > .tatsu-right-divider{z-index: 9999;}@media only screen and (max-width:1377px) {.tatsu-row > .tatsu-S1WYff30A.tatsu-column{width: 100%;}}@media only screen and (min-width:768px) and (max-width: 1024px) {.tatsu-row > .tatsu-S1WYff30A.tatsu-column{width: 100%;}}@media only screen and (max-width: 767px) {.tatsu-row > .tatsu-S1WYff30A.tatsu-column{width: 100%;}}<\/style><\/div><\/div><\/div><\/div><div class=\"tatsu-section-background-wrap\"><div class = \"tatsu-section-background tatsu-bg-lazyload\" data-src = \"\"><\/div><\/div><div class=\"tatsu-overlay tatsu-section-overlay\"><\/div><style>.tatsu-ByWSiMzhCR .tatsu-section-pad{padding: 90px 0px 90px 0px;}.tatsu-ByWSiMzhCR .tatsu-section-offset-wrap{transform: translateY(-0px);}.tatsu-ByWSiMzhCR > .tatsu-bottom-divider{z-index: 9999;}.tatsu-ByWSiMzhCR > .tatsu-top-divider{z-index: 9999;}.tatsu-ByWSiMzhCR .tatsu-section-overlay{mix-blend-mode: normal;}<\/style><\/div><div  class=\"tatsu-hu9hwu0sc66bdqll tatsu-section  tatsu-bg-overlay   tatsu-clearfix\" data-title=\"\"  data-headerscheme=\"background--dark\"><div class='tatsu-section-pad clearfix' data-padding='{\"d\":\"15px 0px 90px 0px\"}' data-padding-top='15px'><div class=\"tatsu-row-wrap  tatsu-wrap tatsu-row-one-col tatsu-row-has-one-cols tatsu-medium-gutter tatsu-reg-cols  tatsu-clearfix tatsu-hu9hwu0sda17x17c\" ><div  class=\"tatsu-row \" ><div  class=\"tatsu-column  tatsu-bg-overlay tatsu-one-col tatsu-column-image-none tatsu-column-effect-none  tatsu-hu9hwu0se34pbvx6\"  data-parallax-speed=\"0\" style=\"\"><div class=\"tatsu-column-inner \" ><div class=\"tatsu-column-pad-wrap\"><div class=\"tatsu-column-pad\" ><div  class=\"tatsu-module tatsu-text-block-wrap tatsu-hu9hwu0ses387pxn  \"><div class=\"tatsu-text-inner tatsu-align-center  clearfix\" ><style>.tatsu-hu9hwu0ses387pxn.tatsu-text-block-wrap .tatsu-text-inner{width: 100%;text-align: left;}<\/style>\n<p><span class=\"HwtZe\" lang=\"en\"><span class=\"jCAhz ChMk0b\"><span class=\"ryNqvb\">\u00a0<\/span><\/span><\/span><\/p>\n<\/div><\/div><\/div><\/div><div class = \"tatsu-column-bg-image-wrap\"><div class = \"tatsu-column-bg-image tatsu-bg-lazyload\" data-src = \"\"><\/div><\/div><div class=\"tatsu-overlay tatsu-column-overlay tatsu-animate-none\" ><\/div><\/div><style>.tatsu-row > .tatsu-hu9hwu0se34pbvx6.tatsu-column{width: 100%;}.tatsu-hu9hwu0se34pbvx6.tatsu-column > .tatsu-column-inner > .tatsu-column-overlay{mix-blend-mode: normal;}.tatsu-hu9hwu0se34pbvx6 > .tatsu-column-inner > .tatsu-top-divider{z-index: 9999;}.tatsu-hu9hwu0se34pbvx6 > .tatsu-column-inner > .tatsu-bottom-divider{z-index: 9999;}.tatsu-hu9hwu0se34pbvx6 > .tatsu-column-inner > .tatsu-left-divider{z-index: 9999;}.tatsu-hu9hwu0se34pbvx6 > .tatsu-column-inner > .tatsu-right-divider{z-index: 9999;}<\/style><\/div><\/div><\/div><\/div><div class=\"tatsu-section-background-wrap\"><div class = \"tatsu-section-background tatsu-bg-lazyload\" data-src = \"\"><\/div><\/div><div class=\"tatsu-overlay tatsu-section-overlay\"><\/div><style>.tatsu-hu9hwu0sc66bdqll.tatsu-section{background-color: rgba(8,28,55,1);}.tatsu-hu9hwu0sc66bdqll .tatsu-section-pad{padding: 15px 0px 90px 0px;}.tatsu-hu9hwu0sc66bdqll > .tatsu-bottom-divider{z-index: 9999;}.tatsu-hu9hwu0sc66bdqll > .tatsu-top-divider{z-index: 9999;}.tatsu-hu9hwu0sc66bdqll .tatsu-section-overlay{mix-blend-mode: normal;}<\/style><\/div>\n","protected":false},"excerpt":{"rendered":"<div><a href=\"https:\/\/www.quintadefaro.uk\/fr\/plan-du-site\/\" class=\"exp-read-more exp-read-more-underlined\">Read More<\/a><\/div>\n","protected":false},"author":1,"featured_media":829,"parent":0,"menu_order":9,"comment_status":"closed","ping_status":"closed","template":"","meta":{"_seopress_robots_primary_cat":"","_seopress_titles_title":"Explorez Quinta de Faro - Votre Guide Ultime","_seopress_titles_desc":"D\u00e9couvrez le plan du site de Quinta de Faro pour naviguer facilement et trouver rapidement l'information que vous cherchez.","_seopress_robots_index":"","footnotes":""},"class_list":["post-589","page","type-page","status-publish","has-post-thumbnail","hentry"],"_links":{"self":[{"href":"https:\/\/www.quintadefaro.uk\/fr\/wp-json\/wp\/v2\/pages\/589","targetHints":{"allow":["GET"]}}],"collection":[{"href":"https:\/\/www.quintadefaro.uk\/fr\/wp-json\/wp\/v2\/pages"}],"about":[{"href":"https:\/\/www.quintadefaro.uk\/fr\/wp-json\/wp\/v2\/types\/page"}],"author":[{"embeddable":true,"href":"https:\/\/www.quintadefaro.uk\/fr\/wp-json\/wp\/v2\/users\/1"}],"replies":[{"embeddable":true,"href":"https:\/\/www.quintadefaro.uk\/fr\/wp-json\/wp\/v2\/comments?post=589"}],"version-history":[{"count":1,"href":"https:\/\/www.quintadefaro.uk\/fr\/wp-json\/wp\/v2\/pages\/589\/revisions"}],"predecessor-version":[{"id":1452,"href":"https:\/\/www.quintadefaro.uk\/fr\/wp-json\/wp\/v2\/pages\/589\/revisions\/1452"}],"wp:featuredmedia":[{"embeddable":true,"href":"https:\/\/www.quintadefaro.uk\/fr\/wp-json\/wp\/v2\/media\/829"}],"wp:attachment":[{"href":"https:\/\/www.quintadefaro.uk\/fr\/wp-json\/wp\/v2\/media?parent=589"}],"curies":[{"name":"wp","href":"https:\/\/api.w.org\/{rel}","templated":true}]}}